{"id":1353,"date":"2023-07-28T00:39:12","date_gmt":"2023-07-27T22:39:12","guid":{"rendered":"http:\/\/www.dessinclassique.fr\/dc\/?page_id=1353"},"modified":"2026-02-19T23:27:27","modified_gmt":"2026-02-19T22:27:27","slug":"horaires-des-cours-et-prix","status":"publish","type":"page","link":"https:\/\/www.dessinclassique.fr\/dc\/horaires-des-cours-et-prix\/","title":{"rendered":"Horaires et Tarifs des cours r\u00e9guliers"},"content":{"rendered":"\n<p>Les horaires des cours r\u00e9guliers sont organis\u00e9s par niveau et par th\u00e9matique et sont indiqu\u00e9s dans le tableau ci-dessous.<\/p>\n\n\n\n<p><p data-start=\"155\" data-end=\"244\"><strong>Modalit\u00e9s de paiement <\/strong>:<\/p><\/p>\n\n\n\n<p><strong>Inscription annuelle :<\/strong> L\u2019ensemble de l\u2019ann\u00e9e est d\u00fb d\u00e8s l\u2019inscription. Paiement \u00e9chelonn\u00e9 : Possibilit\u00e9 de r\u00e9gler en trois fois sans frais par carte bancaire ou par trois ch\u00e8ques. <\/p>\n\n\n\n<p><strong>Frais de dossier <\/strong>: Chaque famille doit s\u2019acquitter des frais de dossier annuels, fix\u00e9s \u00e0 35 \u20ac pour l\u2019ann\u00e9e scolaire en cours.<\/p>\n\n\n\n<p><strong>Inscription en cours d\u2019ann\u00e9e <\/strong>: Le tarif sera recalcul\u00e9 au prorata temporis, \u00e0 condition qu\u2019une place soit disponible et que le participant ait pass\u00e9 le test de niveau pour int\u00e9grer le groupe vis\u00e9.<\/p>\n\n\n\n<p><\/p>\n\n\n\n<figure class=\"wp-block-image size-large\"><img loading=\"lazy\" decoding=\"async\" width=\"724\" height=\"1024\" src=\"https:\/\/www.dessinclassique.fr\/dc\/wp-content\/uploads\/2025\/05\/EDC-horaires-des-cours-reguliers-2025-2026-FRA-724x1024.jpg\" alt=\"\" class=\"wp-image-2370\" srcset=\"https:\/\/www.dessinclassique.fr\/dc\/wp-content\/uploads\/2025\/05\/EDC-horaires-des-cours-reguliers-2025-2026-FRA-724x1024.jpg 724w, https:\/\/www.dessinclassique.fr\/dc\/wp-content\/uploads\/2025\/05\/EDC-horaires-des-cours-reguliers-2025-2026-FRA-212x300.jpg 212w, https:\/\/www.dessinclassique.fr\/dc\/wp-content\/uploads\/2025\/05\/EDC-horaires-des-cours-reguliers-2025-2026-FRA-768x1086.jpg 768w, https:\/\/www.dessinclassique.fr\/dc\/wp-content\/uploads\/2025\/05\/EDC-horaires-des-cours-reguliers-2025-2026-FRA-1086x1536.jpg 1086w, https:\/\/www.dessinclassique.fr\/dc\/wp-content\/uploads\/2025\/05\/EDC-horaires-des-cours-reguliers-2025-2026-FRA-1448x2048.jpg 1448w, https:\/\/www.dessinclassique.fr\/dc\/wp-content\/uploads\/2025\/05\/EDC-horaires-des-cours-reguliers-2025-2026-FRA-863x1221.jpg 863w, https:\/\/www.dessinclassique.fr\/dc\/wp-content\/uploads\/2025\/05\/EDC-horaires-des-cours-reguliers-2025-2026-FRA-76x108.jpg 76w, https:\/\/www.dessinclassique.fr\/dc\/wp-content\/uploads\/2025\/05\/EDC-horaires-des-cours-reguliers-2025-2026-FRA-scaled.jpg 1810w\" sizes=\"auto, (max-width: 724px) 100vw, 724px\" \/><\/figure>\n\n\n\n<p>Vous avez choisi votre groupe ? <a href=\"https:\/\/www.dessinclassique.fr\/dc\/inscription\/\" data-type=\"link\" data-id=\"https:\/\/www.dessinclassique.fr\/dc\/inscription\/\">Cliquez ici pour vous inscrire <\/a><\/p>\n\n\n\n<p><\/p>\n","protected":false},"excerpt":{"rendered":"<p>Les horaires des cours r\u00e9guliers sont organis\u00e9s par niveau et par th\u00e9matique et sont indiqu\u00e9s dans le tableau ci-dessous. Modalit\u00e9s de paiement : Inscription annuelle : L\u2019ensemble de l\u2019ann\u00e9e est &hellip; <a href=\"https:\/\/www.dessinclassique.fr\/dc\/horaires-des-cours-et-prix\/\" class=\"more-link\">Continue reading <span class=\"screen-reader-text\">Horaires et Tarifs des cours r\u00e9guliers<\/span><\/a><\/p>\n","protected":false},"author":2,"featured_media":0,"parent":0,"menu_order":0,"comment_status":"closed","ping_status":"closed","template":"","meta":{"footnotes":""},"class_list":["post-1353","page","type-page","status-publish","hentry"],"_links":{"self":[{"href":"https:\/\/www.dessinclassique.fr\/dc\/wp-json\/wp\/v2\/pages\/1353","targetHints":{"allow":["GET"]}}],"collection":[{"href":"https:\/\/www.dessinclassique.fr\/dc\/wp-json\/wp\/v2\/pages"}],"about":[{"href":"https:\/\/www.dessinclassique.fr\/dc\/wp-json\/wp\/v2\/types\/page"}],"author":[{"embeddable":true,"href":"https:\/\/www.dessinclassique.fr\/dc\/wp-json\/wp\/v2\/users\/2"}],"replies":[{"embeddable":true,"href":"https:\/\/www.dessinclassique.fr\/dc\/wp-json\/wp\/v2\/comments?post=1353"}],"version-history":[{"count":40,"href":"https:\/\/www.dessinclassique.fr\/dc\/wp-json\/wp\/v2\/pages\/1353\/revisions"}],"predecessor-version":[{"id":2860,"href":"https:\/\/www.dessinclassique.fr\/dc\/wp-json\/wp\/v2\/pages\/1353\/revisions\/2860"}],"wp:attachment":[{"href":"https:\/\/www.dessinclassique.fr\/dc\/wp-json\/wp\/v2\/media?parent=1353"}],"curies":[{"name":"wp","href":"https:\/\/api.w.org\/{rel}","templated":true}]}}