{"id":1389,"date":"2023-07-28T14:53:05","date_gmt":"2023-07-28T12:53:05","guid":{"rendered":"http:\/\/www.dessinclassique.fr\/dc\/?page_id=1389"},"modified":"2026-03-28T00:29:35","modified_gmt":"2026-03-27T23:29:35","slug":"evenements-stages-et-seances-ponctuels","status":"publish","type":"page","link":"https:\/\/www.dessinclassique.fr\/dc\/evenements-stages-et-seances-ponctuels\/","title":{"rendered":"Ev\u00e9nements, stages et s\u00e9ances ponctuels"},"content":{"rendered":"\n<p>En plus des cours r\u00e9guliers, nous organisons des soir\u00e9es artistiques, des ateliers pontuels, des stages th\u00e9matiques, des sorties en plein air, des s\u00e9ances de croquis de mod\u00e8le vivant, etc. Les stages sont anim\u00e9s et dirig\u00e9s par des artistes \u2013 professeurs de l\u2019\u00e9cole ou par des artistes invit\u00e9s.<\/p>\n\n\n\n<p>Ces stages sont ouverts \u00e0 tous sans avoir besoin de vous inscrire \u00e0 l&rsquo;\u00c9cole \u00e0 l&rsquo;ann\u00e9e ! <\/p>\n\n\n\n<p><img loading=\"lazy\" decoding=\"async\" width=\"750\" height=\"750\" class=\"wp-image-2889\" style=\"width: 750px;\" src=\"https:\/\/www.dessinclassique.fr\/dc\/wp-content\/uploads\/2026\/03\/stage-avril-mai-2026-.jpeg\" alt=\"\" srcset=\"https:\/\/www.dessinclassique.fr\/dc\/wp-content\/uploads\/2026\/03\/stage-avril-mai-2026-.jpeg 1600w, https:\/\/www.dessinclassique.fr\/dc\/wp-content\/uploads\/2026\/03\/stage-avril-mai-2026--300x300.jpeg 300w, https:\/\/www.dessinclassique.fr\/dc\/wp-content\/uploads\/2026\/03\/stage-avril-mai-2026--1024x1024.jpeg 1024w, https:\/\/www.dessinclassique.fr\/dc\/wp-content\/uploads\/2026\/03\/stage-avril-mai-2026--150x150.jpeg 150w, https:\/\/www.dessinclassique.fr\/dc\/wp-content\/uploads\/2026\/03\/stage-avril-mai-2026--768x768.jpeg 768w, https:\/\/www.dessinclassique.fr\/dc\/wp-content\/uploads\/2026\/03\/stage-avril-mai-2026--1536x1536.jpeg 1536w, https:\/\/www.dessinclassique.fr\/dc\/wp-content\/uploads\/2026\/03\/stage-avril-mai-2026--863x863.jpeg 863w, https:\/\/www.dessinclassique.fr\/dc\/wp-content\/uploads\/2026\/03\/stage-avril-mai-2026--108x108.jpeg 108w\" sizes=\"auto, (max-width: 750px) 100vw, 750px\" \/><br>G\u00e9n\u00e9ralement ils sont r\u00e9servables <a href=\"https:\/\/www.helloasso.com\/associations\/festival-cultures-croisees\/evenements\/stages-annee-scolaire-2025-2026-2?_gl=1%2aqvaa6a%2a_gcl_au%2aMTE1MjA4Mjc2NC4xNzY2NDAwMzUwLjEyODk4Njc4MzAuMTc2ODU2MjcyNC4xNzY4NTYyNzI0\" data-type=\"link\" data-id=\"https:\/\/www.helloasso.com\/associations\/festival-cultures-croisees\/evenements\/stages-annee-scolaire-2025-2026-2?_gl=1%2aqvaa6a%2a_gcl_au%2aMTE1MjA4Mjc2NC4xNzY2NDAwMzUwLjEyODk4Njc4MzAuMTc2ODU2MjcyNC4xNzY4NTYyNzI0\">ici https:\/\/admin.helloasso.com\/festival-cultures-croisees\/evenements<\/a><\/p>\n\n\n\n<p>Les programmes sont annonc\u00e9s en avance aux membres du groupe &#8211; si vous souhaitez \u00eatre inform\u00e9, rejoignez notre groupe whatsapp : <a href=\"https:\/\/chat.whatsapp.com\/EVOkla1WW3rHmn7KuNvCw9\">https:\/\/chat.whatsapp.com\/EVOkla1WW3rHmn7KuNvCw9<\/a><\/p>\n\n\n\n<p>Une fois par mois nous organisons les soir\u00e9es artistiques qui ont lieu dans le Salon Bleu du Conservatoire Rachmaninoff &#8211; veuillez trouver tous les d\u00e9tails <a href=\"https:\/\/www.dessinclassique.fr\/dc\/2024\/08\/14\/premieres-soirees-artistique-de-la-saison\/\" data-type=\"link\" data-id=\"https:\/\/www.dessinclassique.fr\/dc\/2024\/08\/14\/premieres-soirees-artistique-de-la-saison\/\">sur cette page.<\/a><\/p>\n\n\n\n<figure class=\"wp-block-gallery has-nested-images columns-default is-cropped wp-block-gallery-1 is-layout-flex wp-block-gallery-is-layout-flex\">\n<figure class=\"wp-block-image size-full\"><img loading=\"lazy\" decoding=\"async\" width=\"1707\" height=\"2560\" data-id=\"2178\" src=\"https:\/\/www.dessinclassique.fr\/dc\/wp-content\/uploads\/2024\/10\/Conservatoir_058-scaled.jpg\" alt=\"\" class=\"wp-image-2178\" srcset=\"https:\/\/www.dessinclassique.fr\/dc\/wp-content\/uploads\/2024\/10\/Conservatoir_058-scaled.jpg 1707w, https:\/\/www.dessinclassique.fr\/dc\/wp-content\/uploads\/2024\/10\/Conservatoir_058-200x300.jpg 200w, https:\/\/www.dessinclassique.fr\/dc\/wp-content\/uploads\/2024\/10\/Conservatoir_058-683x1024.jpg 683w, https:\/\/www.dessinclassique.fr\/dc\/wp-content\/uploads\/2024\/10\/Conservatoir_058-768x1152.jpg 768w, https:\/\/www.dessinclassique.fr\/dc\/wp-content\/uploads\/2024\/10\/Conservatoir_058-1024x1536.jpg 1024w, https:\/\/www.dessinclassique.fr\/dc\/wp-content\/uploads\/2024\/10\/Conservatoir_058-1366x2048.jpg 1366w, https:\/\/www.dessinclassique.fr\/dc\/wp-content\/uploads\/2024\/10\/Conservatoir_058-863x1294.jpg 863w, https:\/\/www.dessinclassique.fr\/dc\/wp-content\/uploads\/2024\/10\/Conservatoir_058-72x108.jpg 72w\" sizes=\"auto, (max-width: 1707px) 100vw, 1707px\" \/><\/figure>\n\n\n\n<figure class=\"wp-block-image size-full\"><img loading=\"lazy\" decoding=\"async\" width=\"1707\" height=\"2560\" data-id=\"2179\" src=\"https:\/\/www.dessinclassique.fr\/dc\/wp-content\/uploads\/2024\/10\/Conservatoir_063-scaled.jpg\" alt=\"\" class=\"wp-image-2179\" srcset=\"https:\/\/www.dessinclassique.fr\/dc\/wp-content\/uploads\/2024\/10\/Conservatoir_063-scaled.jpg 1707w, https:\/\/www.dessinclassique.fr\/dc\/wp-content\/uploads\/2024\/10\/Conservatoir_063-200x300.jpg 200w, https:\/\/www.dessinclassique.fr\/dc\/wp-content\/uploads\/2024\/10\/Conservatoir_063-683x1024.jpg 683w, https:\/\/www.dessinclassique.fr\/dc\/wp-content\/uploads\/2024\/10\/Conservatoir_063-768x1152.jpg 768w, https:\/\/www.dessinclassique.fr\/dc\/wp-content\/uploads\/2024\/10\/Conservatoir_063-1024x1536.jpg 1024w, https:\/\/www.dessinclassique.fr\/dc\/wp-content\/uploads\/2024\/10\/Conservatoir_063-1366x2048.jpg 1366w, https:\/\/www.dessinclassique.fr\/dc\/wp-content\/uploads\/2024\/10\/Conservatoir_063-863x1294.jpg 863w, https:\/\/www.dessinclassique.fr\/dc\/wp-content\/uploads\/2024\/10\/Conservatoir_063-72x108.jpg 72w\" sizes=\"auto, (max-width: 1707px) 100vw, 1707px\" \/><\/figure>\n\n\n\n<figure class=\"wp-block-image size-full\"><img loading=\"lazy\" decoding=\"async\" width=\"2560\" height=\"1707\" data-id=\"2180\" src=\"https:\/\/www.dessinclassique.fr\/dc\/wp-content\/uploads\/2024\/10\/Trio_041-scaled.jpg\" alt=\"\" class=\"wp-image-2180\" srcset=\"https:\/\/www.dessinclassique.fr\/dc\/wp-content\/uploads\/2024\/10\/Trio_041-scaled.jpg 2560w, https:\/\/www.dessinclassique.fr\/dc\/wp-content\/uploads\/2024\/10\/Trio_041-300x200.jpg 300w, https:\/\/www.dessinclassique.fr\/dc\/wp-content\/uploads\/2024\/10\/Trio_041-1024x683.jpg 1024w, https:\/\/www.dessinclassique.fr\/dc\/wp-content\/uploads\/2024\/10\/Trio_041-768x512.jpg 768w, https:\/\/www.dessinclassique.fr\/dc\/wp-content\/uploads\/2024\/10\/Trio_041-1536x1024.jpg 1536w, https:\/\/www.dessinclassique.fr\/dc\/wp-content\/uploads\/2024\/10\/Trio_041-2048x1366.jpg 2048w, https:\/\/www.dessinclassique.fr\/dc\/wp-content\/uploads\/2024\/10\/Trio_041-863x575.jpg 863w, https:\/\/www.dessinclassique.fr\/dc\/wp-content\/uploads\/2024\/10\/Trio_041-162x108.jpg 162w\" sizes=\"auto, (max-width: 2560px) 100vw, 2560px\" \/><\/figure>\n\n\n\n<figure class=\"wp-block-image size-full\"><img loading=\"lazy\" decoding=\"async\" width=\"1636\" height=\"2560\" data-id=\"2181\" src=\"https:\/\/www.dessinclassique.fr\/dc\/wp-content\/uploads\/2024\/10\/20240927_211359-scaled.jpg\" alt=\"\" class=\"wp-image-2181\" srcset=\"https:\/\/www.dessinclassique.fr\/dc\/wp-content\/uploads\/2024\/10\/20240927_211359-scaled.jpg 1636w, https:\/\/www.dessinclassique.fr\/dc\/wp-content\/uploads\/2024\/10\/20240927_211359-192x300.jpg 192w, https:\/\/www.dessinclassique.fr\/dc\/wp-content\/uploads\/2024\/10\/20240927_211359-655x1024.jpg 655w, https:\/\/www.dessinclassique.fr\/dc\/wp-content\/uploads\/2024\/10\/20240927_211359-768x1202.jpg 768w, https:\/\/www.dessinclassique.fr\/dc\/wp-content\/uploads\/2024\/10\/20240927_211359-982x1536.jpg 982w, https:\/\/www.dessinclassique.fr\/dc\/wp-content\/uploads\/2024\/10\/20240927_211359-1309x2048.jpg 1309w, https:\/\/www.dessinclassique.fr\/dc\/wp-content\/uploads\/2024\/10\/20240927_211359-863x1350.jpg 863w, https:\/\/www.dessinclassique.fr\/dc\/wp-content\/uploads\/2024\/10\/20240927_211359-69x108.jpg 69w\" sizes=\"auto, (max-width: 1636px) 100vw, 1636px\" \/><\/figure>\n\n\n\n<figure class=\"wp-block-image size-full\"><img loading=\"lazy\" decoding=\"async\" width=\"2560\" height=\"1920\" data-id=\"2182\" src=\"https:\/\/www.dessinclassique.fr\/dc\/wp-content\/uploads\/2024\/10\/20240927_211928-scaled.jpg\" alt=\"\" class=\"wp-image-2182\" srcset=\"https:\/\/www.dessinclassique.fr\/dc\/wp-content\/uploads\/2024\/10\/20240927_211928-scaled.jpg 2560w, https:\/\/www.dessinclassique.fr\/dc\/wp-content\/uploads\/2024\/10\/20240927_211928-300x225.jpg 300w, https:\/\/www.dessinclassique.fr\/dc\/wp-content\/uploads\/2024\/10\/20240927_211928-1024x768.jpg 1024w, https:\/\/www.dessinclassique.fr\/dc\/wp-content\/uploads\/2024\/10\/20240927_211928-768x576.jpg 768w, https:\/\/www.dessinclassique.fr\/dc\/wp-content\/uploads\/2024\/10\/20240927_211928-1536x1152.jpg 1536w, https:\/\/www.dessinclassique.fr\/dc\/wp-content\/uploads\/2024\/10\/20240927_211928-2048x1536.jpg 2048w, https:\/\/www.dessinclassique.fr\/dc\/wp-content\/uploads\/2024\/10\/20240927_211928-863x647.jpg 863w, https:\/\/www.dessinclassique.fr\/dc\/wp-content\/uploads\/2024\/10\/20240927_211928-144x108.jpg 144w\" sizes=\"auto, (max-width: 2560px) 100vw, 2560px\" \/><\/figure>\n<\/figure>\n\n\n\n<p><br><br><\/p>\n\n\n\n<figure class=\"wp-block-image size-large\"><img loading=\"lazy\" decoding=\"async\" width=\"768\" height=\"1024\" src=\"https:\/\/www.dessinclassique.fr\/dc\/wp-content\/uploads\/2022\/09\/20220910_161454-768x1024.jpg\" alt=\"\" class=\"wp-image-673\" srcset=\"https:\/\/www.dessinclassique.fr\/dc\/wp-content\/uploads\/2022\/09\/20220910_161454-768x1024.jpg 768w, https:\/\/www.dessinclassique.fr\/dc\/wp-content\/uploads\/2022\/09\/20220910_161454-225x300.jpg 225w, https:\/\/www.dessinclassique.fr\/dc\/wp-content\/uploads\/2022\/09\/20220910_161454-1152x1536.jpg 1152w, https:\/\/www.dessinclassique.fr\/dc\/wp-content\/uploads\/2022\/09\/20220910_161454-1536x2048.jpg 1536w, https:\/\/www.dessinclassique.fr\/dc\/wp-content\/uploads\/2022\/09\/20220910_161454-863x1151.jpg 863w, https:\/\/www.dessinclassique.fr\/dc\/wp-content\/uploads\/2022\/09\/20220910_161454-81x108.jpg 81w, https:\/\/www.dessinclassique.fr\/dc\/wp-content\/uploads\/2022\/09\/20220910_161454-scaled.jpg 1920w\" sizes=\"auto, (max-width: 768px) 100vw, 768px\" \/><\/figure>\n\n\n\n<figure class=\"wp-block-image size-large\"><img loading=\"lazy\" decoding=\"async\" width=\"1024\" height=\"768\" src=\"https:\/\/www.dessinclassique.fr\/dc\/wp-content\/uploads\/2022\/09\/IMG-20220910-WA0016-1024x768.jpg\" alt=\"\" class=\"wp-image-679\" srcset=\"https:\/\/www.dessinclassique.fr\/dc\/wp-content\/uploads\/2022\/09\/IMG-20220910-WA0016-1024x768.jpg 1024w, https:\/\/www.dessinclassique.fr\/dc\/wp-content\/uploads\/2022\/09\/IMG-20220910-WA0016-300x225.jpg 300w, https:\/\/www.dessinclassique.fr\/dc\/wp-content\/uploads\/2022\/09\/IMG-20220910-WA0016-768x576.jpg 768w, https:\/\/www.dessinclassique.fr\/dc\/wp-content\/uploads\/2022\/09\/IMG-20220910-WA0016-1536x1152.jpg 1536w, https:\/\/www.dessinclassique.fr\/dc\/wp-content\/uploads\/2022\/09\/IMG-20220910-WA0016-863x647.jpg 863w, https:\/\/www.dessinclassique.fr\/dc\/wp-content\/uploads\/2022\/09\/IMG-20220910-WA0016-144x108.jpg 144w, https:\/\/www.dessinclassique.fr\/dc\/wp-content\/uploads\/2022\/09\/IMG-20220910-WA0016.jpg 2048w\" sizes=\"auto, (max-width: 1024px) 100vw, 1024px\" \/><\/figure>\n\n\n\n<p>Les s\u00e9ances de croquis de mod\u00e8le vivant se passent sans l\u2019enseignement proprement dit, <br>mais \u00e0 chaque fois plusieurs artistes de grandes envergure assurent la fonction d\u2019accueil et d\u00e9monstration.<\/p>\n\n\n\n<figure class=\"wp-block-image size-large\"><img loading=\"lazy\" decoding=\"async\" width=\"1024\" height=\"1024\" src=\"https:\/\/www.dessinclassique.fr\/dc\/wp-content\/uploads\/2026\/03\/Seance-de-croquis-dune-danceuse--1024x1024.png\" alt=\"\" class=\"wp-image-2881\" srcset=\"https:\/\/www.dessinclassique.fr\/dc\/wp-content\/uploads\/2026\/03\/Seance-de-croquis-dune-danceuse--1024x1024.png 1024w, https:\/\/www.dessinclassique.fr\/dc\/wp-content\/uploads\/2026\/03\/Seance-de-croquis-dune-danceuse--300x300.png 300w, https:\/\/www.dessinclassique.fr\/dc\/wp-content\/uploads\/2026\/03\/Seance-de-croquis-dune-danceuse--150x150.png 150w, https:\/\/www.dessinclassique.fr\/dc\/wp-content\/uploads\/2026\/03\/Seance-de-croquis-dune-danceuse--768x768.png 768w, https:\/\/www.dessinclassique.fr\/dc\/wp-content\/uploads\/2026\/03\/Seance-de-croquis-dune-danceuse--863x863.png 863w, https:\/\/www.dessinclassique.fr\/dc\/wp-content\/uploads\/2026\/03\/Seance-de-croquis-dune-danceuse--108x108.png 108w, https:\/\/www.dessinclassique.fr\/dc\/wp-content\/uploads\/2026\/03\/Seance-de-croquis-dune-danceuse-.png 1080w\" sizes=\"auto, (max-width: 1024px) 100vw, 1024px\" \/><\/figure>\n\n\n\n<figure class=\"wp-block-gallery has-nested-images columns-default is-cropped wp-block-gallery-2 is-layout-flex wp-block-gallery-is-layout-flex\">\n<figure class=\"wp-block-image size-large\"><img loading=\"lazy\" decoding=\"async\" width=\"795\" height=\"1024\" data-id=\"920\" src=\"https:\/\/www.dessinclassique.fr\/dc\/wp-content\/uploads\/2022\/10\/Anna-Nikolaeva-photo-en-tutu-795x1024.jpg\" alt=\"\" class=\"wp-image-920\" srcset=\"https:\/\/www.dessinclassique.fr\/dc\/wp-content\/uploads\/2022\/10\/Anna-Nikolaeva-photo-en-tutu-795x1024.jpg 795w, https:\/\/www.dessinclassique.fr\/dc\/wp-content\/uploads\/2022\/10\/Anna-Nikolaeva-photo-en-tutu-233x300.jpg 233w, https:\/\/www.dessinclassique.fr\/dc\/wp-content\/uploads\/2022\/10\/Anna-Nikolaeva-photo-en-tutu-768x989.jpg 768w, https:\/\/www.dessinclassique.fr\/dc\/wp-content\/uploads\/2022\/10\/Anna-Nikolaeva-photo-en-tutu-1193x1536.jpg 1193w, https:\/\/www.dessinclassique.fr\/dc\/wp-content\/uploads\/2022\/10\/Anna-Nikolaeva-photo-en-tutu-863x1112.jpg 863w, https:\/\/www.dessinclassique.fr\/dc\/wp-content\/uploads\/2022\/10\/Anna-Nikolaeva-photo-en-tutu-84x108.jpg 84w, https:\/\/www.dessinclassique.fr\/dc\/wp-content\/uploads\/2022\/10\/Anna-Nikolaeva-photo-en-tutu.jpg 1590w\" sizes=\"auto, (max-width: 795px) 100vw, 795px\" \/><\/figure>\n\n\n\n<figure class=\"wp-block-image size-large\"><img loading=\"lazy\" decoding=\"async\" width=\"819\" height=\"1024\" data-id=\"1032\" src=\"https:\/\/www.dessinclassique.fr\/dc\/wp-content\/uploads\/2022\/11\/2EB2D01A-40C2-4B41-9E9C-8F01E938290B-819x1024.jpg\" alt=\"\" class=\"wp-image-1032\" srcset=\"https:\/\/www.dessinclassique.fr\/dc\/wp-content\/uploads\/2022\/11\/2EB2D01A-40C2-4B41-9E9C-8F01E938290B-819x1024.jpg 819w, https:\/\/www.dessinclassique.fr\/dc\/wp-content\/uploads\/2022\/11\/2EB2D01A-40C2-4B41-9E9C-8F01E938290B-240x300.jpg 240w, https:\/\/www.dessinclassique.fr\/dc\/wp-content\/uploads\/2022\/11\/2EB2D01A-40C2-4B41-9E9C-8F01E938290B-768x960.jpg 768w, https:\/\/www.dessinclassique.fr\/dc\/wp-content\/uploads\/2022\/11\/2EB2D01A-40C2-4B41-9E9C-8F01E938290B-1229x1536.jpg 1229w, https:\/\/www.dessinclassique.fr\/dc\/wp-content\/uploads\/2022\/11\/2EB2D01A-40C2-4B41-9E9C-8F01E938290B-863x1079.jpg 863w, https:\/\/www.dessinclassique.fr\/dc\/wp-content\/uploads\/2022\/11\/2EB2D01A-40C2-4B41-9E9C-8F01E938290B-86x108.jpg 86w, https:\/\/www.dessinclassique.fr\/dc\/wp-content\/uploads\/2022\/11\/2EB2D01A-40C2-4B41-9E9C-8F01E938290B.jpg 1440w\" sizes=\"auto, (max-width: 819px) 100vw, 819px\" \/><\/figure>\n\n\n\n<figure class=\"wp-block-image size-large\"><img loading=\"lazy\" decoding=\"async\" width=\"819\" height=\"1024\" data-id=\"1033\" src=\"https:\/\/www.dessinclassique.fr\/dc\/wp-content\/uploads\/2022\/11\/AF54B0C8-5F13-4069-B3B7-651EE524498D-819x1024.jpg\" alt=\"Anna Filimonova's sketch\" class=\"wp-image-1033\" srcset=\"https:\/\/www.dessinclassique.fr\/dc\/wp-content\/uploads\/2022\/11\/AF54B0C8-5F13-4069-B3B7-651EE524498D-819x1024.jpg 819w, https:\/\/www.dessinclassique.fr\/dc\/wp-content\/uploads\/2022\/11\/AF54B0C8-5F13-4069-B3B7-651EE524498D-240x300.jpg 240w, https:\/\/www.dessinclassique.fr\/dc\/wp-content\/uploads\/2022\/11\/AF54B0C8-5F13-4069-B3B7-651EE524498D-768x960.jpg 768w, https:\/\/www.dessinclassique.fr\/dc\/wp-content\/uploads\/2022\/11\/AF54B0C8-5F13-4069-B3B7-651EE524498D-1229x1536.jpg 1229w, https:\/\/www.dessinclassique.fr\/dc\/wp-content\/uploads\/2022\/11\/AF54B0C8-5F13-4069-B3B7-651EE524498D-863x1079.jpg 863w, https:\/\/www.dessinclassique.fr\/dc\/wp-content\/uploads\/2022\/11\/AF54B0C8-5F13-4069-B3B7-651EE524498D-86x108.jpg 86w, https:\/\/www.dessinclassique.fr\/dc\/wp-content\/uploads\/2022\/11\/AF54B0C8-5F13-4069-B3B7-651EE524498D.jpg 1440w\" sizes=\"auto, (max-width: 819px) 100vw, 819px\" \/><figcaption class=\"wp-element-caption\">le croquis d&rsquo;une ballerine par Anna Filimonova<\/figcaption><\/figure>\n\n\n\n<figure class=\"wp-block-image size-large\"><img loading=\"lazy\" decoding=\"async\" width=\"1024\" height=\"768\" data-id=\"1178\" src=\"https:\/\/www.dessinclassique.fr\/dc\/wp-content\/uploads\/2023\/01\/seance-avec-adeleBD-1024x768.jpeg\" alt=\"\" class=\"wp-image-1178\" srcset=\"https:\/\/www.dessinclassique.fr\/dc\/wp-content\/uploads\/2023\/01\/seance-avec-adeleBD-1024x768.jpeg 1024w, https:\/\/www.dessinclassique.fr\/dc\/wp-content\/uploads\/2023\/01\/seance-avec-adeleBD-300x225.jpeg 300w, https:\/\/www.dessinclassique.fr\/dc\/wp-content\/uploads\/2023\/01\/seance-avec-adeleBD-768x576.jpeg 768w, https:\/\/www.dessinclassique.fr\/dc\/wp-content\/uploads\/2023\/01\/seance-avec-adeleBD-1536x1152.jpeg 1536w, https:\/\/www.dessinclassique.fr\/dc\/wp-content\/uploads\/2023\/01\/seance-avec-adeleBD-2048x1536.jpeg 2048w, https:\/\/www.dessinclassique.fr\/dc\/wp-content\/uploads\/2023\/01\/seance-avec-adeleBD-863x647.jpeg 863w, https:\/\/www.dessinclassique.fr\/dc\/wp-content\/uploads\/2023\/01\/seance-avec-adeleBD-144x108.jpeg 144w\" sizes=\"auto, (max-width: 1024px) 100vw, 1024px\" \/><\/figure>\n<\/figure>\n","protected":false},"excerpt":{"rendered":"<p>En plus des cours r\u00e9guliers, nous organisons des soir\u00e9es artistiques, des ateliers pontuels, des stages th\u00e9matiques, des sorties en plein air, des s\u00e9ances de croquis de mod\u00e8le vivant, etc. Les &hellip; <a href=\"https:\/\/www.dessinclassique.fr\/dc\/evenements-stages-et-seances-ponctuels\/\" class=\"more-link\">Continue reading <span class=\"screen-reader-text\">Ev\u00e9nements, stages et s\u00e9ances ponctuels<\/span><\/a><\/p>\n","protected":false},"author":2,"featured_media":0,"parent":0,"menu_order":0,"comment_status":"closed","ping_status":"closed","template":"","meta":{"footnotes":""},"class_list":["post-1389","page","type-page","status-publish","hentry"],"_links":{"self":[{"href":"https:\/\/www.dessinclassique.fr\/dc\/wp-json\/wp\/v2\/pages\/1389","targetHints":{"allow":["GET"]}}],"collection":[{"href":"https:\/\/www.dessinclassique.fr\/dc\/wp-json\/wp\/v2\/pages"}],"about":[{"href":"https:\/\/www.dessinclassique.fr\/dc\/wp-json\/wp\/v2\/types\/page"}],"author":[{"embeddable":true,"href":"https:\/\/www.dessinclassique.fr\/dc\/wp-json\/wp\/v2\/users\/2"}],"replies":[{"embeddable":true,"href":"https:\/\/www.dessinclassique.fr\/dc\/wp-json\/wp\/v2\/comments?post=1389"}],"version-history":[{"count":52,"href":"https:\/\/www.dessinclassique.fr\/dc\/wp-json\/wp\/v2\/pages\/1389\/revisions"}],"predecessor-version":[{"id":2896,"href":"https:\/\/www.dessinclassique.fr\/dc\/wp-json\/wp\/v2\/pages\/1389\/revisions\/2896"}],"wp:attachment":[{"href":"https:\/\/www.dessinclassique.fr\/dc\/wp-json\/wp\/v2\/media?parent=1389"}],"curies":[{"name":"wp","href":"https:\/\/api.w.org\/{rel}","templated":true}]}}