{"id":1517,"date":"2023-09-18T15:40:53","date_gmt":"2023-09-18T13:40:53","guid":{"rendered":"http:\/\/www.dessinclassique.fr\/dc\/?page_id=1517"},"modified":"2025-12-06T00:41:02","modified_gmt":"2025-12-05T23:41:02","slug":"cours-dessais","status":"publish","type":"page","link":"https:\/\/www.dessinclassique.fr\/dc\/cours-dessais\/","title":{"rendered":"Cours d&rsquo;essai"},"content":{"rendered":"\n<p>Vous pouvez vous inscrire, sans engagement, \u00e0 un cours d&rsquo;essai <br><br>Enfant ou adulte, vous \u00eates les bienvenus pour v\u00e9rifier si notre enseignement vous convient et si le groupe que vous visez \u00e9ventuellement integrer peut vous convenir. Pr\u00e9nez contact avec l&rsquo;administration, trouver un cours qui vous interesse, et payez en ligne via <a href=\"https:\/\/www.helloasso.com\/associations\/festival-cultures-croisees\/evenements\/3eme-trimestre-cours-de-dessin-peinture-au-conservatoire-rachmaninoff-3-2\" data-type=\"link\" data-id=\"https:\/\/www.helloasso.com\/associations\/festival-cultures-croisees\/evenements\/3eme-trimestre-cours-de-dessin-peinture-au-conservatoire-rachmaninoff-3-2\">ce lien<\/a>.<\/p>\n\n\n\n<p>Vous pouvez aussi acheter <a href=\"https:\/\/www.helloasso.com\/associations\/festival-cultures-croisees\/evenements\/bons-cadeaux-gift-tickets?_gl=1%2aol1m9c%2a_gcl_au%2aNzk4MTcxMTc1LjE3NTg0NDc0NzIuMTU0ODk0Nzg5NC4xNzY0OTczMDcxLjE3NjQ5NzMwNzA.\" data-type=\"link\" data-id=\"https:\/\/www.helloasso.com\/associations\/festival-cultures-croisees\/evenements\/bons-cadeaux-gift-tickets?_gl=1%2aol1m9c%2a_gcl_au%2aNzk4MTcxMTc1LjE3NTg0NDc0NzIuMTU0ODk0Nzg5NC4xNzY0OTczMDcxLjE3NjQ5NzMwNzA.\">un bon cadeau <\/a>et l&rsquo;offrir \u00e0 la personne de votre choix pour la faire essayer nos cours, cette personne devra alors prendre contact avec nous pour determiner quelle activit\u00e9 elle voudra tester :<br><img loading=\"lazy\" decoding=\"async\" width=\"350\" height=\"350\" class=\"wp-image-1113\" style=\"width: 350px;\" src=\"https:\/\/www.dessinclassique.fr\/dc\/wp-content\/uploads\/2022\/12\/EDC-cheques-cadeaux-2022-2023.png\" alt=\"\" srcset=\"https:\/\/www.dessinclassique.fr\/dc\/wp-content\/uploads\/2022\/12\/EDC-cheques-cadeaux-2022-2023.png 1350w, https:\/\/www.dessinclassique.fr\/dc\/wp-content\/uploads\/2022\/12\/EDC-cheques-cadeaux-2022-2023-300x300.png 300w, https:\/\/www.dessinclassique.fr\/dc\/wp-content\/uploads\/2022\/12\/EDC-cheques-cadeaux-2022-2023-1024x1024.png 1024w, https:\/\/www.dessinclassique.fr\/dc\/wp-content\/uploads\/2022\/12\/EDC-cheques-cadeaux-2022-2023-150x150.png 150w, https:\/\/www.dessinclassique.fr\/dc\/wp-content\/uploads\/2022\/12\/EDC-cheques-cadeaux-2022-2023-768x768.png 768w, https:\/\/www.dessinclassique.fr\/dc\/wp-content\/uploads\/2022\/12\/EDC-cheques-cadeaux-2022-2023-863x863.png 863w, https:\/\/www.dessinclassique.fr\/dc\/wp-content\/uploads\/2022\/12\/EDC-cheques-cadeaux-2022-2023-108x108.png 108w\" sizes=\"auto, (max-width: 350px) 100vw, 350px\" \/><\/p>\n","protected":false},"excerpt":{"rendered":"<p>Vous pouvez vous inscrire, sans engagement, \u00e0 un cours d&rsquo;essai Enfant ou adulte, vous \u00eates les bienvenus pour v\u00e9rifier si notre enseignement vous convient et si le groupe que vous &hellip; <a href=\"https:\/\/www.dessinclassique.fr\/dc\/cours-dessais\/\" class=\"more-link\">Continue reading <span class=\"screen-reader-text\">Cours d&rsquo;essai<\/span><\/a><\/p>\n","protected":false},"author":3,"featured_media":0,"parent":0,"menu_order":0,"comment_status":"closed","ping_status":"closed","template":"","meta":{"footnotes":""},"class_list":["post-1517","page","type-page","status-publish","hentry"],"_links":{"self":[{"href":"https:\/\/www.dessinclassique.fr\/dc\/wp-json\/wp\/v2\/pages\/1517","targetHints":{"allow":["GET"]}}],"collection":[{"href":"https:\/\/www.dessinclassique.fr\/dc\/wp-json\/wp\/v2\/pages"}],"about":[{"href":"https:\/\/www.dessinclassique.fr\/dc\/wp-json\/wp\/v2\/types\/page"}],"author":[{"embeddable":true,"href":"https:\/\/www.dessinclassique.fr\/dc\/wp-json\/wp\/v2\/users\/3"}],"replies":[{"embeddable":true,"href":"https:\/\/www.dessinclassique.fr\/dc\/wp-json\/wp\/v2\/comments?post=1517"}],"version-history":[{"count":9,"href":"https:\/\/www.dessinclassique.fr\/dc\/wp-json\/wp\/v2\/pages\/1517\/revisions"}],"predecessor-version":[{"id":2662,"href":"https:\/\/www.dessinclassique.fr\/dc\/wp-json\/wp\/v2\/pages\/1517\/revisions\/2662"}],"wp:attachment":[{"href":"https:\/\/www.dessinclassique.fr\/dc\/wp-json\/wp\/v2\/media?parent=1517"}],"curies":[{"name":"wp","href":"https:\/\/api.w.org\/{rel}","templated":true}]}}