{"id":407,"date":"2022-08-30T01:16:45","date_gmt":"2022-08-29T23:16:45","guid":{"rendered":"http:\/\/www.dessinclassique.fr\/dc\/?page_id=407"},"modified":"2023-07-28T16:43:55","modified_gmt":"2023-07-28T14:43:55","slug":"reglement-interieur","status":"publish","type":"page","link":"https:\/\/www.dessinclassique.fr\/dc\/inscription\/reglement-interieur\/","title":{"rendered":"R\u00e8glement int\u00e9rieur"},"content":{"rendered":"\n<p>L\u2019inscription s\u2019entend pour l\u2019ann\u00e9e compl\u00e8te. Nos programmes sont con\u00e7us dans une optique de progression en spirale, des sujets les plus simples vers les plus compliqu\u00e9s, en approfondissant les connaissances et en revenant exploiter certains sujets sous un aspect diff\u00e9rent.<\/p>\n\n\n\n<p>Il est tr\u00e8s important d\u2019assister \u00e0 tous les cours de chaque niveau. Pour cette raison, une inscription \u00e0 la carte n\u2019est pas propos\u00e9e.<\/p>\n\n\n\n<p>Si pour une raison ou une autre, l\u2019\u00e9l\u00e8ve manque un cours, l\u2019\u00c9cole fera tout son possible pour lui permettre de rattraper ce cours : soit en assistant \u00e0 ce m\u00eame cours \u00e0 un autre jour de la semaine (groupe similaire), soit en travaillant chez soi sur le sujet (envoi via le groupe WhatsApp correspondant au cours) sous la supervision du professeur.<\/p>\n\n\n\n<p>Veuillez noter qu&rsquo;un cours manqu\u00e9 n\u2019est pas remboursable. L\u2019ann\u00e9e pay\u00e9e pourra \u00eatre rembours\u00e9e seulement en cas de longue maladie ou de d\u00e9m\u00e9nagement sur pr\u00e9sentation de justificatifs.<\/p>\n\n\n\n<p>Vous pouvez choisir de payer en une seule fois pour toute l\u2019ann\u00e9e ou en 3 fois, sans frais suppl\u00e9mentaires, par carte bancaire.<\/p>\n\n\n\n<p>Si vous souhaitez payer par ch\u00e8que, veuillez choisir la derni\u00e8re ligne pour vous inscrire sans aucun paiement, afin de nous communiquer vos donn\u00e9es personnelles et cr\u00e9er un compte.<\/p>\n\n\n\n<p>Ensuite vous pourrez faire parvenir au professeur le paiement par ch\u00e8que, \u00e0 l\u2019ordre \u00ab\u00a0Festival Cultures Crois\u00e9es\u00a0\u00bb, dat\u00e9 obligatoirement du jour de l\u2019inscription. Le professeur validera alors votre inscription aupr\u00e8s de l\u2019administration.<\/p>\n\n\n\n<p><strong>Important : Tout r\u00e8glement doit se faire aupr\u00e8s de nos professeurs. Le Conservatoire Rachmaninoff ne g\u00e8re pas les inscriptions de nos \u00e9l\u00e8ves.<\/strong><\/p>\n\n\n\n<p>Toutefois, nous attirons votre attention que travaillant au sein du <a rel=\"noreferrer noopener\" href=\"https:\/\/conservatoire-sr.com\/\" data-type=\"URL\" data-id=\"https:\/\/conservatoire-sr.com\/\" target=\"_blank\">Conservatoire Rachmaninoff<\/a>, nous sommes li\u00e9s par des obligations financi\u00e8res et de ce fait devons appliquer la plupart des points de leur <a rel=\"noreferrer noopener\" href=\"https:\/\/conservatoire-sr.com\/reglement-interieur\/\" data-type=\"URL\" data-id=\"https:\/\/conservatoire-sr.com\/reglement-interieur\/\" target=\"_blank\">r\u00e8glement interieur<\/a> (except\u00e9 le droit d\u2019entr\u00e9e qui n\u2019est pas d\u00fb).<\/p>\n\n\n\n<p>Si vous poursuivez vos cours, vous devez d\u00e9j\u00e0 conna\u00eetre votre niveau et le groupe auquel vous \u00eates rattach\u00e9s. Si ce n&rsquo;est pas le cas, nous vous conseillons de participer \u00e0 l&rsquo;une de nos s\u00e9ances gratuites d\u2019\u00e9valuation de niveau.<\/p>\n\n\n\n<p>Notez \u00e9galement qu&rsquo;au cours de l\u2019ann\u00e9e, vous pouvez b\u00e9n\u00e9ficer d&rsquo;un cours d\u2019essai.<br><\/p>\n","protected":false},"excerpt":{"rendered":"<p>L\u2019inscription s\u2019entend pour l\u2019ann\u00e9e compl\u00e8te. Nos programmes sont con\u00e7us dans une optique de progression en spirale, des sujets les plus simples vers les plus compliqu\u00e9s, en approfondissant les connaissances et &hellip; <a href=\"https:\/\/www.dessinclassique.fr\/dc\/inscription\/reglement-interieur\/\" class=\"more-link\">Continue reading <span class=\"screen-reader-text\">R\u00e8glement int\u00e9rieur<\/span><\/a><\/p>\n","protected":false},"author":2,"featured_media":0,"parent":1366,"menu_order":0,"comment_status":"closed","ping_status":"closed","template":"","meta":{"footnotes":""},"class_list":["post-407","page","type-page","status-publish","hentry"],"_links":{"self":[{"href":"https:\/\/www.dessinclassique.fr\/dc\/wp-json\/wp\/v2\/pages\/407","targetHints":{"allow":["GET"]}}],"collection":[{"href":"https:\/\/www.dessinclassique.fr\/dc\/wp-json\/wp\/v2\/pages"}],"about":[{"href":"https:\/\/www.dessinclassique.fr\/dc\/wp-json\/wp\/v2\/types\/page"}],"author":[{"embeddable":true,"href":"https:\/\/www.dessinclassique.fr\/dc\/wp-json\/wp\/v2\/users\/2"}],"replies":[{"embeddable":true,"href":"https:\/\/www.dessinclassique.fr\/dc\/wp-json\/wp\/v2\/comments?post=407"}],"version-history":[{"count":2,"href":"https:\/\/www.dessinclassique.fr\/dc\/wp-json\/wp\/v2\/pages\/407\/revisions"}],"predecessor-version":[{"id":488,"href":"https:\/\/www.dessinclassique.fr\/dc\/wp-json\/wp\/v2\/pages\/407\/revisions\/488"}],"up":[{"embeddable":true,"href":"https:\/\/www.dessinclassique.fr\/dc\/wp-json\/wp\/v2\/pages\/1366"}],"wp:attachment":[{"href":"https:\/\/www.dessinclassique.fr\/dc\/wp-json\/wp\/v2\/media?parent=407"}],"curies":[{"name":"wp","href":"https:\/\/api.w.org\/{rel}","templated":true}]}}