{"id":450,"date":"2022-08-30T14:34:56","date_gmt":"2022-08-30T12:34:56","guid":{"rendered":"http:\/\/www.dessinclassique.fr\/dc\/?page_id=450"},"modified":"2025-11-23T00:00:15","modified_gmt":"2025-11-22T23:00:15","slug":"contact","status":"publish","type":"page","link":"https:\/\/www.dessinclassique.fr\/dc\/contact\/","title":{"rendered":"Contact"},"content":{"rendered":"\n<p>Nos cours r\u00e9guliers ont lieu \u00e0 deux adresses \u00e0 Paris :<\/p>\n\n\n\n<ol class=\"wp-block-list\">\n<li><strong>Conservatoire Rachmaninoff<\/strong> au 26&nbsp;avenue de&nbsp;New-York, 75016 Paris (m\u00e9tro Alma-Marceau)<\/li>\n\n\n\n<li><strong>Atelier de l&rsquo;\u00c9toile<\/strong> au 5 Rue de l&rsquo;Arc de Triomphe, 75017 Paris (RER, metro Charles de Gaulle &#8211; \u00c9toile)<\/li>\n<\/ol>\n\n\n\n<p>Pour toute question vous pouvez appelez Anna Filimonova au<strong> <a href=\"tel:+33661912398\">06 61 91 23 98<\/a><\/strong> (<a href=\"https:\/\/wa.me\/33661912398\">WhatsApp<\/a>), ou prendre contact par afcc.anna @ gmail.com<\/p>\n\n\n\n<p>Notre instagram @<a href=\"https:\/\/www.instagram.com\/ecole_de_dessin_classique\/\">ecole_de_dessin_classique<\/a><\/p>\n\n\n\n<p>Notre page facebook<a href=\"https:\/\/www.facebook.com\/profile.php?id=100083152969561\" data-type=\"link\" data-id=\"https:\/\/www.facebook.com\/profile.php?id=100083152969561\"> Ecole de Dessin Classique <\/a><\/p>\n\n\n\n<p><\/p>\n","protected":false},"excerpt":{"rendered":"<p>Nos cours r\u00e9guliers ont lieu \u00e0 deux adresses \u00e0 Paris : Pour toute question vous pouvez appelez Anna Filimonova au 06 61 91 23 98 (WhatsApp), ou prendre contact par &hellip; <a href=\"https:\/\/www.dessinclassique.fr\/dc\/contact\/\" class=\"more-link\">Continue reading <span class=\"screen-reader-text\">Contact<\/span><\/a><\/p>\n","protected":false},"author":2,"featured_media":0,"parent":0,"menu_order":0,"comment_status":"closed","ping_status":"closed","template":"","meta":{"footnotes":""},"class_list":["post-450","page","type-page","status-publish","hentry"],"_links":{"self":[{"href":"https:\/\/www.dessinclassique.fr\/dc\/wp-json\/wp\/v2\/pages\/450","targetHints":{"allow":["GET"]}}],"collection":[{"href":"https:\/\/www.dessinclassique.fr\/dc\/wp-json\/wp\/v2\/pages"}],"about":[{"href":"https:\/\/www.dessinclassique.fr\/dc\/wp-json\/wp\/v2\/types\/page"}],"author":[{"embeddable":true,"href":"https:\/\/www.dessinclassique.fr\/dc\/wp-json\/wp\/v2\/users\/2"}],"replies":[{"embeddable":true,"href":"https:\/\/www.dessinclassique.fr\/dc\/wp-json\/wp\/v2\/comments?post=450"}],"version-history":[{"count":13,"href":"https:\/\/www.dessinclassique.fr\/dc\/wp-json\/wp\/v2\/pages\/450\/revisions"}],"predecessor-version":[{"id":2624,"href":"https:\/\/www.dessinclassique.fr\/dc\/wp-json\/wp\/v2\/pages\/450\/revisions\/2624"}],"wp:attachment":[{"href":"https:\/\/www.dessinclassique.fr\/dc\/wp-json\/wp\/v2\/media?parent=450"}],"curies":[{"name":"wp","href":"https:\/\/api.w.org\/{rel}","templated":true}]}}