{"id":468,"date":"2022-08-30T15:29:30","date_gmt":"2022-08-30T13:29:30","guid":{"rendered":"http:\/\/www.dessinclassique.fr\/dc\/?page_id=468"},"modified":"2026-04-18T21:42:56","modified_gmt":"2026-04-18T19:42:56","slug":"page-daccueil","status":"publish","type":"page","link":"https:\/\/www.dessinclassique.fr\/dc\/page-daccueil\/","title":{"rendered":"Bienvenue"},"content":{"rendered":"\n<p>L\u2019\u00c9cole de Dessin Classique, install\u00e9e au coeur de Paris (France), propose des cours de dessin et de peinture pour les adultes et les enfants, en petits groupes. L&rsquo;\u00c9cole a \u00e9t\u00e9 imagin\u00e9e en 2021 par Anna Filimonova-Masson, artiste issue du c\u00e9l\u00e8bre Institut Ilya R\u00e9pine de l&rsquo;Acad\u00e9mie des beaux arts de Saint-P\u00e9tersbourg. L\u2019objectif, dans le prolongement de la tradition artistique, est de valoriser et perp\u00e9tuer la m\u00e9thode d\u2019un enseignement sp\u00e9cialis\u00e9 et de haut niveau d\u2019exigence.<\/p>\n\n\n\n<p>Anna Filimonova dirige l&rsquo;\u00c9cole avec sa co-fondatrice Nathalie Leybina. <br>Les deux artistes ont \u00e9labor\u00e9 le programme articul\u00e9 en minimum 3 ans de formation \u00e0 raison d&rsquo;un \u00e0 deux cours par semaine proposant, au rythme acceler\u00e9, l&rsquo;acquisition des bases du dessin et de la peinture. Pour assurer le programme de qualit\u00e9, les deux artistes se sont entour\u00e9es d&rsquo;un collectif de p\u00e9dagogues tous issus des formations classiques.<\/p>\n\n\n\n<p><a href=\"https:\/\/www.dessinclassique.fr\/dc\/2026\/01\/17\/lexposition-de-fin-dannee-2025-2026\/\" data-type=\"link\" data-id=\"https:\/\/www.dessinclassique.fr\/dc\/2026\/01\/17\/lexposition-de-fin-dannee-2025-2026\/\"><strong>Le 31 mai 2026 <\/strong>nous vous invitons \u00e0 l&rsquo;exposition de fin d&rsquo;ann\u00e9e scolaire et journ\u00e9e \u00ab\u00a0<strong>Portes Ouvertes\u00a0\u00bb,<\/strong> vous pourrez voir les travaux d&rsquo;\u00e9l\u00e8ves et m\u00eame assister \u00e0 des cours de ce jour.<\/a><\/p>\n\n\n\n<p>En naviguant sur notre site, vous trouverez toutes les informations relatives aux cours propos\u00e9s : <a href=\"https:\/\/www.dessinclassique.fr\/dc\/horaires-des-cours-et-prix\/\">horaires et tarifs d&rsquo;inscription<\/a> ainsi que le <a href=\"https:\/\/www.dessinclassique.fr\/dc\/our-calendar-2023-2024\/\" data-type=\"page\" data-id=\"1602\">calendrier 2025\/2026 <\/a>et les <a href=\"https:\/\/www.dessinclassique.fr\/dc\/nos-enseignants\/\">pr\u00e9sentations de nos professeurs<\/a>.<\/p>\n\n\n\n<p>Des consultations (sur Paris ou via Zoom) sont \u00e9galement propos\u00e9es aux jeunes artistes souhaitant int\u00e9grer une des \u00c9coles d\u2019Art sup\u00e9rieure ou les lyc\u00e9es avec le BAC de la s\u00e9rie STD2A.<\/p>\n\n\n\n<p>Les cours se d\u00e9roulent sur plusieurs sites, notamment chez notre partenaire d&rsquo;origine, Conservatoire Rachmaninoff \u00e0 Paris XVI, haut lieu culturel multidisciplinaire, endroit historique &#8211; mais \u00e9galement \u00e0 l&rsquo;Atelier de l&rsquo;Etoile \u00e0 Paris XVII.<\/p>\n\n\n\n<p>Pour de plus amples informations n&rsquo;h\u00e9sitez pas \u00e0 contacter <a href=\"https:\/\/www.dessinclassique.fr\/dc\/language\/fr\/2022\/08\/17\/anna-filimonova-fondatrice-de-lecole-de-dessin-classiqueenseigne-le-dessin-et-la-peinturepeut-dispenser-des-cours-en-francais-russe-ou-anglais-anna-se-presente\/\">Anna Filimonova<\/a> au <strong><a href=\"tel:+33661912398\">06 61 91 23 98<\/a><\/strong>&nbsp;(aussi <a href=\"https:\/\/wa.me\/33661912398\">WhatsApp<\/a>).<\/p>\n\n\n\n<div class=\"wp-block-group\"><div class=\"wp-block-group__inner-container is-layout-constrained wp-block-group-is-layout-constrained\">\n<figure class=\"wp-block-video\"><video height=\"1080\" style=\"aspect-ratio: 1920 \/ 1080;\" width=\"1920\" controls src=\"https:\/\/www.dessinclassique.fr\/dc\/wp-content\/uploads\/2022\/12\/ECOLE-DE-DESSIN_master4.mp4\"><\/video><figcaption class=\"wp-element-caption\"><sub>Pr\u00e9sentation vid\u00e9o r\u00e9alis\u00e9e par <a href=\"https:\/\/www.instagram.com\/video_passion_paris\/\" data-type=\"link\" data-id=\"https:\/\/www.instagram.com\/video_passion_paris\/\">Evgenia Palgunova<\/a><\/sub>.<\/figcaption><\/figure>\n<\/div><\/div>\n\n\n\n<p><strong>Nous vous invitons \u00e0 une visite virtuelle de notre exposition de fin d&rsquo;ann\u00e9e <\/strong><br><strong>qui a eu lieu le 18 mai  2025 \u00e0 Paris dans la salle de concert du Conservatoire Rachmaninoff<\/strong> <a href=\"https:\/\/www.dessinclassique.fr\/dc\/wp-content\/uploads\/2025\/10\/EDC-expo-2025-definitif-video-general-v11.mp4\" data-type=\"link\" data-id=\"https:\/\/www.dessinclassique.fr\/dc\/wp-content\/uploads\/2025\/10\/EDC-expo-2025-definitif-video-general-v11.mp4\">ic<\/a>i <img loading=\"lazy\" decoding=\"async\" width=\"150\" height=\"257\" class=\"wp-image-2510\" style=\"width: 150px;\" src=\"https:\/\/www.dessinclassique.fr\/dc\/wp-content\/uploads\/2025\/10\/couveture-video-expo-2025-EDC-.jpg\" alt=\"\" srcset=\"https:\/\/www.dessinclassique.fr\/dc\/wp-content\/uploads\/2025\/10\/couveture-video-expo-2025-EDC-.jpg 903w, https:\/\/www.dessinclassique.fr\/dc\/wp-content\/uploads\/2025\/10\/couveture-video-expo-2025-EDC--175x300.jpg 175w, https:\/\/www.dessinclassique.fr\/dc\/wp-content\/uploads\/2025\/10\/couveture-video-expo-2025-EDC--597x1024.jpg 597w, https:\/\/www.dessinclassique.fr\/dc\/wp-content\/uploads\/2025\/10\/couveture-video-expo-2025-EDC--768x1318.jpg 768w, https:\/\/www.dessinclassique.fr\/dc\/wp-content\/uploads\/2025\/10\/couveture-video-expo-2025-EDC--895x1536.jpg 895w, https:\/\/www.dessinclassique.fr\/dc\/wp-content\/uploads\/2025\/10\/couveture-video-expo-2025-EDC--863x1481.jpg 863w, https:\/\/www.dessinclassique.fr\/dc\/wp-content\/uploads\/2025\/10\/couveture-video-expo-2025-EDC--63x108.jpg 63w\" sizes=\"auto, (max-width: 150px) 100vw, 150px\" \/><\/p>\n\n\n\n<p><\/p>\n","protected":false},"excerpt":{"rendered":"<p>L\u2019\u00c9cole de Dessin Classique, install\u00e9e au coeur de Paris (France), propose des cours de dessin et de peinture pour les adultes et les enfants, en petits groupes. L&rsquo;\u00c9cole a \u00e9t\u00e9 &hellip; <a href=\"https:\/\/www.dessinclassique.fr\/dc\/page-daccueil\/\" class=\"more-link\">Continue reading <span class=\"screen-reader-text\">Bienvenue<\/span><\/a><\/p>\n","protected":false},"author":2,"featured_media":426,"parent":0,"menu_order":0,"comment_status":"closed","ping_status":"closed","template":"","meta":{"footnotes":""},"class_list":["post-468","page","type-page","status-publish","has-post-thumbnail","hentry"],"_links":{"self":[{"href":"https:\/\/www.dessinclassique.fr\/dc\/wp-json\/wp\/v2\/pages\/468","targetHints":{"allow":["GET"]}}],"collection":[{"href":"https:\/\/www.dessinclassique.fr\/dc\/wp-json\/wp\/v2\/pages"}],"about":[{"href":"https:\/\/www.dessinclassique.fr\/dc\/wp-json\/wp\/v2\/types\/page"}],"author":[{"embeddable":true,"href":"https:\/\/www.dessinclassique.fr\/dc\/wp-json\/wp\/v2\/users\/2"}],"replies":[{"embeddable":true,"href":"https:\/\/www.dessinclassique.fr\/dc\/wp-json\/wp\/v2\/comments?post=468"}],"version-history":[{"count":61,"href":"https:\/\/www.dessinclassique.fr\/dc\/wp-json\/wp\/v2\/pages\/468\/revisions"}],"predecessor-version":[{"id":2907,"href":"https:\/\/www.dessinclassique.fr\/dc\/wp-json\/wp\/v2\/pages\/468\/revisions\/2907"}],"wp:featuredmedia":[{"embeddable":true,"href":"https:\/\/www.dessinclassique.fr\/dc\/wp-json\/wp\/v2\/media\/426"}],"wp:attachment":[{"href":"https:\/\/www.dessinclassique.fr\/dc\/wp-json\/wp\/v2\/media?parent=468"}],"curies":[{"name":"wp","href":"https:\/\/api.w.org\/{rel}","templated":true}]}}