{"id":566,"date":"2022-09-05T20:00:41","date_gmt":"2022-09-05T18:00:41","guid":{"rendered":"http:\/\/www.dessinclassique.fr\/dc\/?page_id=566"},"modified":"2025-10-20T17:02:37","modified_gmt":"2025-10-20T15:02:37","slug":"plein-air-work-shop-and-free-tests-day","status":"publish","type":"page","link":"https:\/\/www.dessinclassique.fr\/dc\/plein-air-work-shop-and-free-tests-day\/","title":{"rendered":"Last news &#8211;  Derni\u00e8res Nouvelles -\u041f\u043e\u0441\u043b\u0435\u0434\u043d\u0438\u0435 \u043d\u043e\u0432\u043e\u0441\u0442\u0438"},"content":{"rendered":"\n<p>\u00c9COLE DE DESSIN CLASSIQUE PR\u00c9SENTE UN NOUVEAU CURSUS EN LIGNE. Histoire de l&rsquo;art italien du Moyen Age \u00e0 l&rsquo;art contemporain \u00e0 partir du 21 septembre 2025 jusqu&rsquo;\u00e0 fin d\u00e9cembre (hors vacances scolaires) &#8211; 10 cours de 1h15-1h30 en ligne sur zoom). Avec Giulia Pezzotti, dipl\u00f4m\u00e9e de Universit\u00e9 de Bologna et de la Sorbonne (Histoire de l&rsquo;Art et Mus\u00e9ologie). Plongez dans huit si\u00e8cles de g\u00e9nie italien. (PDF et replay) Tous les dimanches et lundis 9H30-21H (cours du lundi et le m\u00eame que le dimanche)<\/p>\n\n\n\n<p>Rejoindre <a href=\"https:\/\/www.helloasso.com\/associations\/festival-cultures-croisees\/evenements\/histoire-de-l-art-italien-du-moyen-age-a-l-art-contemporain\" data-type=\"link\" data-id=\"https:\/\/www.helloasso.com\/associations\/festival-cultures-croisees\/evenements\/histoire-de-l-art-italien-du-moyen-age-a-l-art-contemporain\">en cours du semestre <\/a><\/p>\n\n\n\n<figure class=\"wp-block-image size-large\"><img loading=\"lazy\" decoding=\"async\" width=\"724\" height=\"1024\" src=\"https:\/\/www.dessinclassique.fr\/dc\/wp-content\/uploads\/2025\/10\/affiche-histoire-de-lart-general-724x1024.jpeg\" alt=\"\" class=\"wp-image-2482\" srcset=\"https:\/\/www.dessinclassique.fr\/dc\/wp-content\/uploads\/2025\/10\/affiche-histoire-de-lart-general-724x1024.jpeg 724w, https:\/\/www.dessinclassique.fr\/dc\/wp-content\/uploads\/2025\/10\/affiche-histoire-de-lart-general-212x300.jpeg 212w, https:\/\/www.dessinclassique.fr\/dc\/wp-content\/uploads\/2025\/10\/affiche-histoire-de-lart-general-768x1086.jpeg 768w, https:\/\/www.dessinclassique.fr\/dc\/wp-content\/uploads\/2025\/10\/affiche-histoire-de-lart-general-1086x1536.jpeg 1086w, https:\/\/www.dessinclassique.fr\/dc\/wp-content\/uploads\/2025\/10\/affiche-histoire-de-lart-general-863x1221.jpeg 863w, https:\/\/www.dessinclassique.fr\/dc\/wp-content\/uploads\/2025\/10\/affiche-histoire-de-lart-general-76x108.jpeg 76w, https:\/\/www.dessinclassique.fr\/dc\/wp-content\/uploads\/2025\/10\/affiche-histoire-de-lart-general.jpeg 1131w\" sizes=\"auto, (max-width: 724px) 100vw, 724px\" \/><\/figure>\n","protected":false},"excerpt":{"rendered":"<p>\u00c9COLE DE DESSIN CLASSIQUE PR\u00c9SENTE UN NOUVEAU CURSUS EN LIGNE. Histoire de l&rsquo;art italien du Moyen Age \u00e0 l&rsquo;art contemporain \u00e0 partir du 21 septembre 2025 jusqu&rsquo;\u00e0 fin d\u00e9cembre (hors &hellip; <a href=\"https:\/\/www.dessinclassique.fr\/dc\/plein-air-work-shop-and-free-tests-day\/\" class=\"more-link\">Continue reading <span class=\"screen-reader-text\">Last news &#8211;  Derni\u00e8res Nouvelles -\u041f\u043e\u0441\u043b\u0435\u0434\u043d\u0438\u0435 \u043d\u043e\u0432\u043e\u0441\u0442\u0438<\/span><\/a><\/p>\n","protected":false},"author":3,"featured_media":0,"parent":0,"menu_order":0,"comment_status":"closed","ping_status":"closed","template":"","meta":{"footnotes":""},"class_list":["post-566","page","type-page","status-publish","hentry"],"_links":{"self":[{"href":"https:\/\/www.dessinclassique.fr\/dc\/wp-json\/wp\/v2\/pages\/566","targetHints":{"allow":["GET"]}}],"collection":[{"href":"https:\/\/www.dessinclassique.fr\/dc\/wp-json\/wp\/v2\/pages"}],"about":[{"href":"https:\/\/www.dessinclassique.fr\/dc\/wp-json\/wp\/v2\/types\/page"}],"author":[{"embeddable":true,"href":"https:\/\/www.dessinclassique.fr\/dc\/wp-json\/wp\/v2\/users\/3"}],"replies":[{"embeddable":true,"href":"https:\/\/www.dessinclassique.fr\/dc\/wp-json\/wp\/v2\/comments?post=566"}],"version-history":[{"count":11,"href":"https:\/\/www.dessinclassique.fr\/dc\/wp-json\/wp\/v2\/pages\/566\/revisions"}],"predecessor-version":[{"id":2504,"href":"https:\/\/www.dessinclassique.fr\/dc\/wp-json\/wp\/v2\/pages\/566\/revisions\/2504"}],"wp:attachment":[{"href":"https:\/\/www.dessinclassique.fr\/dc\/wp-json\/wp\/v2\/media?parent=566"}],"curies":[{"name":"wp","href":"https:\/\/api.w.org\/{rel}","templated":true}]}}