{"id":933,"date":"2022-11-02T18:28:19","date_gmt":"2022-11-02T17:28:19","guid":{"rendered":"http:\/\/www.dessinclassique.fr\/dc\/?page_id=933"},"modified":"2026-01-17T19:17:07","modified_gmt":"2026-01-17T18:17:07","slug":"nos-partenaires-techniques","status":"publish","type":"page","link":"https:\/\/www.dessinclassique.fr\/dc\/nos-partenaires-techniques\/","title":{"rendered":"Le mat\u00e9riel des beaux arts"},"content":{"rendered":"\n<p>Pour les groupes d&rsquo;enfants, en g\u00e9n\u00e9ral le mat\u00e9riel est fourni. Nous recommandons vivement d&rsquo;habiller votre enfant en habits qui n&rsquo;ont pas trop de valeur, avec le risque de les salir et d&rsquo;acheter au moins un carton \u00e0 dessin du format de Demi-raisin.<\/p>\n\n\n\n<p>Aux adolescents et adultes nous demandons d&rsquo;acheter leur propre mat\u00e9riel en veillant \u00e0 ce que la qualit\u00e9 soit professionnelle ou \u00ab\u00a0\u00e9tudes\u00a0\u00bb. <strong>C&rsquo;est un investissement indispensable.<\/strong><\/p>\n\n\n\n<p>Nos \u00e9l\u00e8ves ont la possibilit\u00e9 d&rsquo;acheter le mat\u00e9riel pr\u00e9-selectionn\u00e9 chez notre partenaire <a href=\"https:\/\/www.geant-beaux-arts.fr\/\"><strong>Le G\u00e9ant des Beaux A<\/strong>rts<\/a> (site de vente en ligne, avec plusieurs magasins \u00e0 Paris notamement 15 rue Vergniaud 75013 Paris). <br>Apr\u00e8s l&rsquo;inscription \u00e0 l&rsquo;\u00c9cole vous pouvez b\u00e9neficier de -15% sur tous les produits, hors promotions en cours.<\/p>\n\n\n\n<p>Pour l&rsquo;achat de pinceaux de qualit\u00e9 nous conseillons  tr\u00e8s particuli\u00e8rement les pinceaux de la marque <strong>Roubloff <\/strong>( plutot haut de gamme, necessaire pour pratiquer l&rsquo;aquarelle,  ils ont aussi un grand choix de pinceaux gammme  \u00ab\u00a0\u00e9tudes\u00a0\u00bb pour l&rsquo;acrylique et l&rsquo;huile  ) Achat en ligne sur  <a href=\"https:\/\/roubloff-france.fr\" data-type=\"link\" data-id=\"https:\/\/roubloff-france.fr\">Roubloff-France<\/a> , en show room au Village Suisse Galerie 82 Avenue Champaulebert 75015 Paris  , ou encore  dans le magasin \u00ab\u00a0Sennelier\u00a0\u00bb au 3 quai Voltaire, 75007, Paris. <br>Pour les couleurs nous priviligions l&rsquo;aquarelle, l&rsquo;acrylique et l&rsquo;huile de la marque fran\u00e7aise <strong>Sennelier q<\/strong>ue vous pouvez trouver en abondance \u00e0 Paris dans beaucoup de boutiques y compris dans le magasin historique <a href=\"https:\/\/www.magasinsennelier.art\/fr\/content\/18-magasin-sennelier-75006-paris\" data-type=\"link\" data-id=\"https:\/\/www.magasinsennelier.art\/fr\/content\/18-magasin-sennelier-75006-paris\">\u00ab\u00a0Couleurs du QUAI\u00a0\u00bb &#8211;<\/a> une institution \u00e0 part enti\u00e8re  mais aussi, bien sur, chez <strong>G\u00e9ant-des-Beaux-Arts<\/strong> en profitant de -15% toute l&rsquo;ann\u00e9e sur la pr\u00e9sentation de votre carte d&rsquo;\u00e9tudiant.<\/p>\n\n\n\n<p> <img loading=\"lazy\" decoding=\"async\" width=\"200\" height=\"114\" class=\"wp-image-2678\" style=\"width: 200px;\" src=\"https:\/\/www.dessinclassique.fr\/dc\/wp-content\/uploads\/2024\/08\/SennelierModerne-Haut.jpg\" alt=\"\" srcset=\"https:\/\/www.dessinclassique.fr\/dc\/wp-content\/uploads\/2024\/08\/SennelierModerne-Haut.jpg 1177w, https:\/\/www.dessinclassique.fr\/dc\/wp-content\/uploads\/2024\/08\/SennelierModerne-Haut-300x171.jpg 300w, https:\/\/www.dessinclassique.fr\/dc\/wp-content\/uploads\/2024\/08\/SennelierModerne-Haut-1024x582.jpg 1024w, https:\/\/www.dessinclassique.fr\/dc\/wp-content\/uploads\/2024\/08\/SennelierModerne-Haut-768x437.jpg 768w, https:\/\/www.dessinclassique.fr\/dc\/wp-content\/uploads\/2024\/08\/SennelierModerne-Haut-863x491.jpg 863w, https:\/\/www.dessinclassique.fr\/dc\/wp-content\/uploads\/2024\/08\/SennelierModerne-Haut-190x108.jpg 190w\" sizes=\"auto, (max-width: 200px) 100vw, 200px\" \/><\/p>\n\n\n\n<p><\/p>\n\n\n\n<figure class=\"wp-block-gallery has-nested-images columns-default is-cropped wp-block-gallery-1 is-layout-flex wp-block-gallery-is-layout-flex\">\n<figure class=\"wp-block-image size-large\"><a href=\"https:\/\/www.geant-beaux-arts.fr\/\" target=\"_blank\" rel=\"noreferrer noopener\"><img loading=\"lazy\" decoding=\"async\" width=\"1024\" height=\"258\" data-id=\"934\" src=\"https:\/\/www.dessinclassique.fr\/dc\/wp-content\/uploads\/2022\/11\/Geant-des-beax-arts--1024x258.jpg\" alt=\"\" class=\"wp-image-934\" style=\"aspect-ratio:3.9904761904761905\" srcset=\"https:\/\/www.dessinclassique.fr\/dc\/wp-content\/uploads\/2022\/11\/Geant-des-beax-arts--1024x258.jpg 1024w, https:\/\/www.dessinclassique.fr\/dc\/wp-content\/uploads\/2022\/11\/Geant-des-beax-arts--300x75.jpg 300w, https:\/\/www.dessinclassique.fr\/dc\/wp-content\/uploads\/2022\/11\/Geant-des-beax-arts--768x193.jpg 768w, https:\/\/www.dessinclassique.fr\/dc\/wp-content\/uploads\/2022\/11\/Geant-des-beax-arts--1536x386.jpg 1536w, https:\/\/www.dessinclassique.fr\/dc\/wp-content\/uploads\/2022\/11\/Geant-des-beax-arts--863x217.jpg 863w, https:\/\/www.dessinclassique.fr\/dc\/wp-content\/uploads\/2022\/11\/Geant-des-beax-arts--429x108.jpg 429w, https:\/\/www.dessinclassique.fr\/dc\/wp-content\/uploads\/2022\/11\/Geant-des-beax-arts-.jpg 1646w\" sizes=\"auto, (max-width: 1024px) 100vw, 1024px\" \/><\/a><\/figure>\n\n\n\n<figure class=\"wp-block-image size-large\"><a href=\"https:\/\/roubloff-france.fr\"><img loading=\"lazy\" decoding=\"async\" width=\"1024\" height=\"255\" data-id=\"2030\" src=\"https:\/\/www.dessinclassique.fr\/dc\/wp-content\/uploads\/2024\/08\/\u0420\u0443\u0431\u043b\u0435\u0444-1024x255.png\" alt=\"\" class=\"wp-image-2030\" srcset=\"https:\/\/www.dessinclassique.fr\/dc\/wp-content\/uploads\/2024\/08\/\u0420\u0443\u0431\u043b\u0435\u0444-1024x255.png 1024w, https:\/\/www.dessinclassique.fr\/dc\/wp-content\/uploads\/2024\/08\/\u0420\u0443\u0431\u043b\u0435\u0444-300x75.png 300w, https:\/\/www.dessinclassique.fr\/dc\/wp-content\/uploads\/2024\/08\/\u0420\u0443\u0431\u043b\u0435\u0444-768x192.png 768w, https:\/\/www.dessinclassique.fr\/dc\/wp-content\/uploads\/2024\/08\/\u0420\u0443\u0431\u043b\u0435\u0444-1536x383.png 1536w, https:\/\/www.dessinclassique.fr\/dc\/wp-content\/uploads\/2024\/08\/\u0420\u0443\u0431\u043b\u0435\u0444-863x215.png 863w, https:\/\/www.dessinclassique.fr\/dc\/wp-content\/uploads\/2024\/08\/\u0420\u0443\u0431\u043b\u0435\u0444-433x108.png 433w, https:\/\/www.dessinclassique.fr\/dc\/wp-content\/uploads\/2024\/08\/\u0420\u0443\u0431\u043b\u0435\u0444.png 1856w\" sizes=\"auto, (max-width: 1024px) 100vw, 1024px\" \/><\/a><\/figure>\n<\/figure>\n\n\n\n<p><br><\/p>\n\n\n\n<p><\/p>\n","protected":false},"excerpt":{"rendered":"<p>Pour les groupes d&rsquo;enfants, en g\u00e9n\u00e9ral le mat\u00e9riel est fourni. Nous recommandons vivement d&rsquo;habiller votre enfant en habits qui n&rsquo;ont pas trop de valeur, avec le risque de les salir &hellip; <a href=\"https:\/\/www.dessinclassique.fr\/dc\/nos-partenaires-techniques\/\" class=\"more-link\">Continue reading <span class=\"screen-reader-text\">Le mat\u00e9riel des beaux arts<\/span><\/a><\/p>\n","protected":false},"author":3,"featured_media":0,"parent":0,"menu_order":0,"comment_status":"closed","ping_status":"closed","template":"","meta":{"footnotes":""},"class_list":["post-933","page","type-page","status-publish","hentry"],"_links":{"self":[{"href":"https:\/\/www.dessinclassique.fr\/dc\/wp-json\/wp\/v2\/pages\/933","targetHints":{"allow":["GET"]}}],"collection":[{"href":"https:\/\/www.dessinclassique.fr\/dc\/wp-json\/wp\/v2\/pages"}],"about":[{"href":"https:\/\/www.dessinclassique.fr\/dc\/wp-json\/wp\/v2\/types\/page"}],"author":[{"embeddable":true,"href":"https:\/\/www.dessinclassique.fr\/dc\/wp-json\/wp\/v2\/users\/3"}],"replies":[{"embeddable":true,"href":"https:\/\/www.dessinclassique.fr\/dc\/wp-json\/wp\/v2\/comments?post=933"}],"version-history":[{"count":22,"href":"https:\/\/www.dessinclassique.fr\/dc\/wp-json\/wp\/v2\/pages\/933\/revisions"}],"predecessor-version":[{"id":2723,"href":"https:\/\/www.dessinclassique.fr\/dc\/wp-json\/wp\/v2\/pages\/933\/revisions\/2723"}],"wp:attachment":[{"href":"https:\/\/www.dessinclassique.fr\/dc\/wp-json\/wp\/v2\/media?parent=933"}],"curies":[{"name":"wp","href":"https:\/\/api.w.org\/{rel}","templated":true}]}}